{"id":28,"date":"2021-01-16T18:45:41","date_gmt":"2021-01-16T17:45:41","guid":{"rendered":"http:\/\/www.secvergnaud.com\/WordPress\/?page_id=28"},"modified":"2021-01-16T18:45:41","modified_gmt":"2021-01-16T17:45:41","slug":"qui-sommes-nous","status":"publish","type":"page","link":"https:\/\/www.secvergnaud.com\/index.php\/qui-sommes-nous\/","title":{"rendered":"Qui sommes-nous ?"},"content":{"rendered":"\n<p>Le cabinet SEC VERGNAUD &amp; Associ\u00e9s est un cabinet familial compos\u00e9 d\u2019une dizaine de collaborateurs. Nous vous accompagnons \u00e0 chaque \u00e9tape de la constitution \u00e0 la transmission, dans tous vos besoins du quotidien :<br>\u2013 Administratifs (Comptable, Social, Juridique),<br>\u2013 Accompagnement (Conseil, Reprise, Transmission, Tableau de bord, Analyse du co\u00fbt de revient, Suivi de tr\u00e9sorerie,\u2026).<\/p>\n\n\n\n<p>Comme nos clients, nous sommes des entrepreneurs et comprenons parfaitement leurs enjeux. Des dirigeants de PME \/ PMI aux commer\u00e7ants et artisans en passant par les travailleurs ind\u00e9pendants et les auto-entrepreneurs, nous sommes chaque jour \u00e0 leurs c\u00f4t\u00e9s pour r\u00e9pondre \u00e0 toutes leurs questions.<\/p>\n\n\n\n<p>Cr\u00e9ation, transmission et reprise d\u2019entreprise, situation personnelle du dirigeant, d\u00e9veloppement de l\u2019activit\u00e9 \u2026 nombreux sont les param\u00e8tres \u00e0 prendre en compte pour r\u00e9ussir les projets de nos clients. Notre savoir-faire, nos multiples expertises sectorielles et la relation de confiance que nous entretenons avec nos clients nous permettent des les accompagner tout au long de leur vie. Aussi bien dans celle de l\u2019entreprise que celle du dirigeant.<\/p>\n","protected":false},"excerpt":{"rendered":"<p>Le cabinet SEC VERGNAUD &amp; Associ\u00e9s est un cabinet familial compos\u00e9 d\u2019une dizaine de collaborateurs. Nous vous accompagnons \u00e0 chaque \u00e9tape de la constitution \u00e0 la transmission, dans tous vos besoins du quotidien :\u2013 Administratifs (Comptable, Social, Juridique),\u2013 Accompagnement (Conseil, Reprise, Transmission, Tableau de bord, Analyse du co\u00fbt de revient, Suivi de tr\u00e9sorerie,\u2026). Comme nos [&hellip;]<\/p>\n","protected":false},"author":1,"featured_media":0,"parent":0,"menu_order":0,"comment_status":"closed","ping_status":"closed","template":"","meta":[],"_links":{"self":[{"href":"https:\/\/www.secvergnaud.com\/index.php\/wp-json\/wp\/v2\/pages\/28"}],"collection":[{"href":"https:\/\/www.secvergnaud.com\/index.php\/wp-json\/wp\/v2\/pages"}],"about":[{"href":"https:\/\/www.secvergnaud.com\/index.php\/wp-json\/wp\/v2\/types\/page"}],"author":[{"embeddable":true,"href":"https:\/\/www.secvergnaud.com\/index.php\/wp-json\/wp\/v2\/users\/1"}],"replies":[{"embeddable":true,"href":"https:\/\/www.secvergnaud.com\/index.php\/wp-json\/wp\/v2\/comments?post=28"}],"version-history":[{"count":1,"href":"https:\/\/www.secvergnaud.com\/index.php\/wp-json\/wp\/v2\/pages\/28\/revisions"}],"predecessor-version":[{"id":123,"href":"https:\/\/www.secvergnaud.com\/index.php\/wp-json\/wp\/v2\/pages\/28\/revisions\/123"}],"wp:attachment":[{"href":"https:\/\/www.secvergnaud.com\/index.php\/wp-json\/wp\/v2\/media?parent=28"}],"curies":[{"name":"wp","href":"https:\/\/api.w.org\/{rel}","templated":true}]}}