{"id":21,"date":"2021-01-16T18:43:23","date_gmt":"2021-01-16T17:43:23","guid":{"rendered":"http:\/\/www.secvergnaud.com\/WordPress\/?page_id=21"},"modified":"2024-07-24T23:50:40","modified_gmt":"2024-07-24T21:50:40","slug":"vos-services-en-ligne","status":"publish","type":"page","link":"https:\/\/www.secvergnaud.com\/index.php\/vos-services-en-ligne\/","title":{"rendered":"Vos Services en ligne"},"content":{"rendered":"\n<div class=\"wp-block-media-text alignwide is-stacked-on-mobile\" style=\"grid-template-columns:15% auto\"><figure class=\"wp-block-media-text__media\"><a href=\"http:\/\/paie.secvergnaud.com\/silae\/start.aspx?pgm=silaeclient\"><img loading=\"lazy\" width=\"238\" height=\"230\" src=\"https:\/\/www.secvergnaud.com\/wp-content\/uploads\/2021\/01\/silaeexpert.png\" alt=\"\" class=\"wp-image-95 size-full\"\/><\/a><\/figure><div class=\"wp-block-media-text__content\">\n<p style=\"font-size:25px\"><a href=\"https:\/\/secvergnaud-social.silae.fr\/silae\">Acc\u00e8s \u00e0 votre Portail Paie (Internet Explorer \/ Microsoft Edge)<\/a><\/p>\n<\/div><\/div>\n\n\n\n<div class=\"wp-block-media-text alignwide is-stacked-on-mobile\" style=\"grid-template-columns:15% auto\"><figure class=\"wp-block-media-text__media\"><a href=\"http:\/\/leportail.cegid.com\/\"><img loading=\"lazy\" width=\"94\" height=\"92\" src=\"https:\/\/www.secvergnaud.com\/wp-content\/uploads\/2021\/01\/cegid.png\" alt=\"\" class=\"wp-image-92 size-full\"\/><\/a><\/figure><div class=\"wp-block-media-text__content\">\n<p style=\"font-size:25px\"><a rel=\"noreferrer noopener\" href=\"http:\/\/leportail.cegid.com\/\" target=\"_blank\">Acc\u00e8s \u00e0 votre logiciel de Comptabilit\u00e9<\/a><\/p>\n<\/div><\/div>\n\n\n\n<div class=\"wp-block-media-text alignwide is-stacked-on-mobile\" style=\"grid-template-columns:16% auto\"><figure class=\"wp-block-media-text__media\"><img loading=\"lazy\" width=\"220\" height=\"136\" src=\"https:\/\/www.secvergnaud.com\/wp-content\/uploads\/2021\/01\/MEG.png\" alt=\"\" class=\"wp-image-94 size-full\"\/><\/figure><div class=\"wp-block-media-text__content\">\n<p style=\"font-size:25px\"><a href=\"https:\/\/mon-expert-en-gestion.fr\/\">Acc\u00e8s \u00e0 Votre Logiciel de Facturation <\/a><\/p>\n<\/div><\/div>\n\n\n\n<p><\/p>\n","protected":false},"excerpt":{"rendered":"<p>Acc\u00e8s \u00e0 votre Portail Paie (Internet Explorer \/ Microsoft Edge) Acc\u00e8s \u00e0 votre logiciel de Comptabilit\u00e9 Acc\u00e8s \u00e0 Votre Logiciel de Facturation<\/p>\n","protected":false},"author":1,"featured_media":0,"parent":0,"menu_order":0,"comment_status":"closed","ping_status":"closed","template":"","meta":[],"_links":{"self":[{"href":"https:\/\/www.secvergnaud.com\/index.php\/wp-json\/wp\/v2\/pages\/21"}],"collection":[{"href":"https:\/\/www.secvergnaud.com\/index.php\/wp-json\/wp\/v2\/pages"}],"about":[{"href":"https:\/\/www.secvergnaud.com\/index.php\/wp-json\/wp\/v2\/types\/page"}],"author":[{"embeddable":true,"href":"https:\/\/www.secvergnaud.com\/index.php\/wp-json\/wp\/v2\/users\/1"}],"replies":[{"embeddable":true,"href":"https:\/\/www.secvergnaud.com\/index.php\/wp-json\/wp\/v2\/comments?post=21"}],"version-history":[{"count":5,"href":"https:\/\/www.secvergnaud.com\/index.php\/wp-json\/wp\/v2\/pages\/21\/revisions"}],"predecessor-version":[{"id":85043,"href":"https:\/\/www.secvergnaud.com\/index.php\/wp-json\/wp\/v2\/pages\/21\/revisions\/85043"}],"wp:attachment":[{"href":"https:\/\/www.secvergnaud.com\/index.php\/wp-json\/wp\/v2\/media?parent=21"}],"curies":[{"name":"wp","href":"https:\/\/api.w.org\/{rel}","templated":true}]}}