{"id":160,"date":"2021-02-18T00:47:19","date_gmt":"2021-02-17T23:47:19","guid":{"rendered":"http:\/\/www.secvergnaud.com\/?page_id=160"},"modified":"2021-12-06T11:22:23","modified_gmt":"2021-12-06T10:22:23","slug":"collaborateur-comptable-cdi-niort-bessines-79","status":"publish","type":"page","link":"https:\/\/www.secvergnaud.com\/index.php\/collaborateur-comptable-cdi-niort-bessines-79\/","title":{"rendered":"Collaborateur (trice) Comptable CDI &#8211; H\/F &#8211; Niort &#8211; Bessines (79)"},"content":{"rendered":"\n<p>Pour nous contacter : <a href=\"mailto:recrutement@secvergnaud.com\">recrutement@secvergnaud.com<\/a> <\/p>\n\n\n\n<p>R\u00e9f\u00e9rence Annonce : REF0001<\/p>\n\n\n\n<h2>Votre mission :<\/h2>\n\n\n\n<p>Cabinet d\u2019Expertise Comptable, d\u2019Audit et de Conseils d\u2019une dizaine de collaborateurs, en d\u00e9veloppement interne et\/ou externe (r\u00e9gion Ouest, Bordeaux et\/ou Nantes\u2026), membre ind\u00e9pendant de Force d&rsquo;Expert et exer\u00e7ant aupr\u00e8s des TPE, PME, PMI, professions lib\u00e9rales\u2026<\/p>\n\n\n\n<p>Vous prendrez en charge des dossiers d\u2019expertise comptable de secteurs diversifi\u00e9s comprenant la tenue et\/ou la r\u00e9vision, l\u2019\u00e9tablissement des bilans, tableaux de bord, audit et conseils, accompagn\u00e9 par l\u2019expert-comptable.<\/p>\n\n\n\n<h2>Vos forces et vos comp\u00e9tences<\/h2>\n\n\n\n<p>De formation de niveau minimum Bac +3, avec une exp\u00e9rience de 3 \u00e0 6 mois de stage en cabinet.<br>Votre ma\u00eetrise des outils informatiques, vos comp\u00e9tences techniques, relationnelles, d\u2019adaptation et votre motivation sont des atouts indispensables.<\/p>\n\n\n\n<p>Accompagnement Formation Possible : DSCG, Stage d\u2019expertise comptable, Pr\u00e9paration M\u00e9moire\u2026<\/p>\n\n\n\n<p>Poste \u00e0 pourvoir en CDI.<\/p>\n\n\n\n<p>Adresser CV + lettre de motivation par mail<\/p>\n\n\n\n<h2>Exp\u00e9rience requise :<\/h2>\n\n\n\n<p>Minimum 1 an<\/p>\n\n\n\n<h2>Statut :<\/h2>\n\n\n\n<p>Non Cadre<\/p>\n","protected":false},"excerpt":{"rendered":"<p>Pour nous contacter : recrutement@secvergnaud.com R\u00e9f\u00e9rence Annonce : REF0001 Votre mission : Cabinet d\u2019Expertise Comptable, d\u2019Audit et de Conseils d\u2019une dizaine de collaborateurs, en d\u00e9veloppement interne et\/ou externe (r\u00e9gion Ouest, Bordeaux et\/ou Nantes\u2026), membre ind\u00e9pendant de Force d&rsquo;Expert et exer\u00e7ant aupr\u00e8s des TPE, PME, PMI, professions lib\u00e9rales\u2026 Vous prendrez en charge des dossiers d\u2019expertise comptable [&hellip;]<\/p>\n","protected":false},"author":1,"featured_media":0,"parent":0,"menu_order":0,"comment_status":"closed","ping_status":"closed","template":"","meta":[],"_links":{"self":[{"href":"https:\/\/www.secvergnaud.com\/index.php\/wp-json\/wp\/v2\/pages\/160"}],"collection":[{"href":"https:\/\/www.secvergnaud.com\/index.php\/wp-json\/wp\/v2\/pages"}],"about":[{"href":"https:\/\/www.secvergnaud.com\/index.php\/wp-json\/wp\/v2\/types\/page"}],"author":[{"embeddable":true,"href":"https:\/\/www.secvergnaud.com\/index.php\/wp-json\/wp\/v2\/users\/1"}],"replies":[{"embeddable":true,"href":"https:\/\/www.secvergnaud.com\/index.php\/wp-json\/wp\/v2\/comments?post=160"}],"version-history":[{"count":6,"href":"https:\/\/www.secvergnaud.com\/index.php\/wp-json\/wp\/v2\/pages\/160\/revisions"}],"predecessor-version":[{"id":183,"href":"https:\/\/www.secvergnaud.com\/index.php\/wp-json\/wp\/v2\/pages\/160\/revisions\/183"}],"wp:attachment":[{"href":"https:\/\/www.secvergnaud.com\/index.php\/wp-json\/wp\/v2\/media?parent=160"}],"curies":[{"name":"wp","href":"https:\/\/api.w.org\/{rel}","templated":true}]}}