{"id":153,"date":"2021-02-18T00:50:08","date_gmt":"2021-02-17T23:50:08","guid":{"rendered":"http:\/\/www.secvergnaud.com\/?page_id=153"},"modified":"2021-02-18T00:54:16","modified_gmt":"2021-02-17T23:54:16","slug":"recrutement","status":"publish","type":"page","link":"https:\/\/www.secvergnaud.com\/index.php\/recrutement\/","title":{"rendered":"Recrutement"},"content":{"rendered":"\n<p>Le cabinet SEC VERGNAUD &amp; Associ\u00e9s est toujours \u00e0 la recherche de nouveaux talents engag\u00e9s. Si vous pensez comme nous que l\u2019expertise comptable et l\u2019audit sont une affaire d\u2019entrepreneurs et que nous sommes les premiers partenaires des acteurs \u00e9conomiques en \u00e9tant qualificatif et innovant, rejoignez nous.<\/p>\n\n\n\n<hr class=\"wp-block-separator\"\/>\n\n\n\n<h4>Candidature Spontan\u00e9e : contacter nous \u00e0 l&rsquo;adresse <a href=\"mailto:recrutement@secvergnaud.com\">recrutement@secvergnaud.com<\/a><\/h4>\n\n\n\n<hr class=\"wp-block-separator\"\/>\n\n\n\n<h1><a href=\"https:\/\/www.secvergnaud.com\/index.php\/gestionnaire-de-paie-cdi-niort-bessines-79\/\">Gestionnaire de Paie Exp\u00e9riment\u00e9e CDI \u2013 Niort (79)<\/a><\/h1>\n\n\n\n<p>REF0001<\/p>\n\n\n\n<hr class=\"wp-block-separator\"\/>\n\n\n\n<h1><a href=\"https:\/\/www.secvergnaud.com\/index.php\/collaborateur-comptable-cdi-niort-bessines-79\/\">Collaborateur Comptable CDI &#8211; Niort &#8211; Bessines &#8211; (79)<\/a><\/h1>\n\n\n\n<p>REF0002<\/p>\n","protected":false},"excerpt":{"rendered":"<p>Le cabinet SEC VERGNAUD &amp; Associ\u00e9s est toujours \u00e0 la recherche de nouveaux talents engag\u00e9s. Si vous pensez comme nous que l\u2019expertise comptable et l\u2019audit sont une affaire d\u2019entrepreneurs et que nous sommes les premiers partenaires des acteurs \u00e9conomiques en \u00e9tant qualificatif et innovant, rejoignez nous. Candidature Spontan\u00e9e : contacter nous \u00e0 l&rsquo;adresse recrutement@secvergnaud.com Gestionnaire [&hellip;]<\/p>\n","protected":false},"author":1,"featured_media":0,"parent":0,"menu_order":0,"comment_status":"closed","ping_status":"closed","template":"","meta":[],"_links":{"self":[{"href":"https:\/\/www.secvergnaud.com\/index.php\/wp-json\/wp\/v2\/pages\/153"}],"collection":[{"href":"https:\/\/www.secvergnaud.com\/index.php\/wp-json\/wp\/v2\/pages"}],"about":[{"href":"https:\/\/www.secvergnaud.com\/index.php\/wp-json\/wp\/v2\/types\/page"}],"author":[{"embeddable":true,"href":"https:\/\/www.secvergnaud.com\/index.php\/wp-json\/wp\/v2\/users\/1"}],"replies":[{"embeddable":true,"href":"https:\/\/www.secvergnaud.com\/index.php\/wp-json\/wp\/v2\/comments?post=153"}],"version-history":[{"count":11,"href":"https:\/\/www.secvergnaud.com\/index.php\/wp-json\/wp\/v2\/pages\/153\/revisions"}],"predecessor-version":[{"id":178,"href":"https:\/\/www.secvergnaud.com\/index.php\/wp-json\/wp\/v2\/pages\/153\/revisions\/178"}],"wp:attachment":[{"href":"https:\/\/www.secvergnaud.com\/index.php\/wp-json\/wp\/v2\/media?parent=153"}],"curies":[{"name":"wp","href":"https:\/\/api.w.org\/{rel}","templated":true}]}}